{"id":2,"date":"2015-04-23T10:04:04","date_gmt":"2015-04-23T10:04:04","guid":{"rendered":"http:\/\/uegz.pl\/?page_id=2"},"modified":"2020-08-24T18:56:44","modified_gmt":"2020-08-24T16:56:44","slug":"przykladowa-strona","status":"publish","type":"page","link":"https:\/\/uegz.pl\/","title":{"rendered":"Home"},"content":{"rendered":"<div class=\"page\" title=\"Page 1\">\n<div class=\"layoutArea\">\n<div class=\"column\">\n<p>Doradztwo techniczne przy wdra\u017caniu produkcji. Zakup element\u00f3w na potrzeby produkcji. Monta\u017c SMD. Monta\u017c THT r\u0119czny oraz na agregacie lutowniczym. Lutowanie w technologii bezo\u0142owiowej oraz o\u0142owiowej. Kontrola optyczna w oparciu o norm\u0119 IPC-A-610G. Programowanie i testowanie pakiet\u00f3w. Monta\u017c finalny. Wi\u0105zki kablowe &#8230;<\/p>\n<\/div>\n<\/div>\n<\/div>\n","protected":false},"excerpt":{"rendered":"<p>Doradztwo techniczne przy wdra\u017caniu produkcji. Zakup element\u00f3w na potrzeby produkcji. Monta\u017c SMD. Monta\u017c THT r\u0119czny oraz na agregacie lutowniczym. Lutowanie w technologii bezo\u0142owiowej oraz o\u0142owiowej. Kontrola optyczna w oparciu o norm\u0119 IPC-A-610G. Programowanie i testowanie pakiet\u00f3w. Monta\u017c finalny. Wi\u0105zki kablowe &#8230;<\/p>\n","protected":false},"author":1,"featured_media":0,"parent":0,"menu_order":0,"comment_status":"closed","ping_status":"open","template":"template-home.php","meta":{"footnotes":""},"class_list":["post-2","page","type-page","status-publish","hentry"],"_links":{"self":[{"href":"https:\/\/uegz.pl\/index.php?rest_route=\/wp\/v2\/pages\/2"}],"collection":[{"href":"https:\/\/uegz.pl\/index.php?rest_route=\/wp\/v2\/pages"}],"about":[{"href":"https:\/\/uegz.pl\/index.php?rest_route=\/wp\/v2\/types\/page"}],"author":[{"embeddable":true,"href":"https:\/\/uegz.pl\/index.php?rest_route=\/wp\/v2\/users\/1"}],"replies":[{"embeddable":true,"href":"https:\/\/uegz.pl\/index.php?rest_route=%2Fwp%2Fv2%2Fcomments&post=2"}],"version-history":[{"count":15,"href":"https:\/\/uegz.pl\/index.php?rest_route=\/wp\/v2\/pages\/2\/revisions"}],"predecessor-version":[{"id":329,"href":"https:\/\/uegz.pl\/index.php?rest_route=\/wp\/v2\/pages\/2\/revisions\/329"}],"wp:attachment":[{"href":"https:\/\/uegz.pl\/index.php?rest_route=%2Fwp%2Fv2%2Fmedia&parent=2"}],"curies":[{"name":"wp","href":"https:\/\/api.w.org\/{rel}","templated":true}]}}