{"id":134,"date":"2016-05-15T16:53:31","date_gmt":"2016-05-15T14:53:31","guid":{"rendered":"http:\/\/uegz.pl\/?page_id=134"},"modified":"2024-02-06T13:19:42","modified_gmt":"2024-02-06T12:19:42","slug":"kontakt","status":"publish","type":"page","link":"https:\/\/uegz.pl\/?page_id=134","title":{"rendered":"Kontakt"},"content":{"rendered":"<div class=\"page\" title=\"Page 3\">\n<div class=\"layoutArea\">\n<div class=\"column\">\n<p><strong>Us\u0142ugi Elektroniczne Grzegorz Zi\u0119ba <\/strong><\/p>\n<p><strong>ul. Pionier\u00f3w \u017bu\u0142aw 42C<\/strong><\/p>\n<p><strong>83-020 Cedry Wielkie<\/strong><\/p>\n<p>Firma czynna jest od poniedzia\u0142ku do pi\u0105tku w godzinach 8:00-16:00. Dostawy godzinach 6:00-22:00<\/p>\n<p><strong>Sekretariat<\/strong><\/p>\n<p>tel.: (58)304-77-66<\/p>\n<p>+48 509-655-494<\/p>\n<p>e-mail: biuro@uegz.pl<\/p>\n<p><strong>W\u0142a\u015bciciel firmy<\/strong><\/p>\n<p><strong>Grzegorz Zi\u0119ba<\/strong><\/p>\n<p>tel.: +48 508-107-304<\/p>\n<p>e-mail: g.zieba@uegz.pl<\/p>\n<p><strong>Menager produkcji<\/strong><\/p>\n<p><strong>Przemys\u0142aw Paluch<\/strong><\/p>\n<p>tel.: +48 535-001-461<\/p>\n<p>e-mail: produkcja@uegz.pl<\/p>\n<p><strong>Dzia\u0142 Zakup\u00f3w<\/strong><\/p>\n<p><strong>Rados\u0142aw Gumi\u0144ski<\/strong><\/p>\n<p>tel.: +48 601-640-722<\/p>\n<p>e-mail: zakupy@uegz.pl<\/p>\n<\/div>\n<\/div>\n<\/div>\n<p><strong>Zapytania ofertowe na wyceny prosimy o kierowanie na adres g.zieba@uegz.pl<\/strong><\/p>\n","protected":false},"excerpt":{"rendered":"<p>Us\u0142ugi Elektroniczne Grzegorz Zi\u0119ba ul. Pionier\u00f3w \u017bu\u0142aw 42C 83-020 Cedry Wielkie Firma czynna jest od poniedzia\u0142ku do pi\u0105tku w godzinach 8:00-16:00. Dostawy godzinach 6:00-22:00 Sekretariat tel.: (58)304-77-66 +48 509-655-494 e-mail: biuro@uegz.pl W\u0142a\u015bciciel firmy Grzegorz Zi\u0119ba tel.: +48 508-107-304 e-mail: g.zieba@uegz.pl Menager produkcji Przemys\u0142aw Paluch tel.: +48 535-001-461 e-mail: produkcja@uegz.pl Dzia\u0142 Zakup\u00f3w Rados\u0142aw Gumi\u0144ski tel.: +48 [&hellip;]<\/p>\n","protected":false},"author":1,"featured_media":0,"parent":0,"menu_order":0,"comment_status":"closed","ping_status":"closed","template":"template-kontakt.php","meta":{"footnotes":""},"class_list":["post-134","page","type-page","status-publish","hentry"],"_links":{"self":[{"href":"https:\/\/uegz.pl\/index.php?rest_route=\/wp\/v2\/pages\/134"}],"collection":[{"href":"https:\/\/uegz.pl\/index.php?rest_route=\/wp\/v2\/pages"}],"about":[{"href":"https:\/\/uegz.pl\/index.php?rest_route=\/wp\/v2\/types\/page"}],"author":[{"embeddable":true,"href":"https:\/\/uegz.pl\/index.php?rest_route=\/wp\/v2\/users\/1"}],"replies":[{"embeddable":true,"href":"https:\/\/uegz.pl\/index.php?rest_route=%2Fwp%2Fv2%2Fcomments&post=134"}],"version-history":[{"count":15,"href":"https:\/\/uegz.pl\/index.php?rest_route=\/wp\/v2\/pages\/134\/revisions"}],"predecessor-version":[{"id":355,"href":"https:\/\/uegz.pl\/index.php?rest_route=\/wp\/v2\/pages\/134\/revisions\/355"}],"wp:attachment":[{"href":"https:\/\/uegz.pl\/index.php?rest_route=%2Fwp%2Fv2%2Fmedia&parent=134"}],"curies":[{"name":"wp","href":"https:\/\/api.w.org\/{rel}","templated":true}]}}